{"id":433,"date":"2021-10-28T11:20:23","date_gmt":"2021-10-28T09:20:23","guid":{"rendered":"https:\/\/bookyoutravel.it\/verneviaggi\/?page_id=433"},"modified":"2022-12-12T13:31:20","modified_gmt":"2022-12-12T12:31:20","slug":"f-a-q","status":"publish","type":"page","link":"https:\/\/bookyoutravel.it\/verneviaggi\/f-a-q\/","title":{"rendered":"F.A.Q."},"content":{"rendered":"<p>[vc_row][vc_column][vc_toggle title=&#8221;E\u2019 vero che i viaggi di nozze costano pi\u00f9 degli atri tipi di viaggio?&#8221;]No. Anzi, alle coppie di sposi, viene applicato uno sconto nozze, gi\u00e0 visibile sul listino. Invero, nel viaggio di nozze, i servizi scelti per il programma sono pi\u00f9 adatti ad una esperienza di coppia in luna di miele. Ad esempio, nella scelta della camere, preferiamo la vista oceano o la vista citt\u00e0 piuttosto che le camere senza vista; sui voli preferiamo prenotare la classe premium piuttosto che la economy, ed in aeroporto preferiamo accogliervi nella vip lounge. Tutto questo incide certamente sul costo del viaggio, ma a causa della presenza di servizi pi\u00f9 costosi. Tuttavia, in molti viaggi di nozze abbiamo previsto dei servizi standard, che senza alcuna riduzione dell\u2019esperienza vissuta, garantiscono un costo equivalente agli altri viaggi.[\/vc_toggle][vc_toggle title=&#8221;Verne Viaggi vende viaggi di altri tour operator e crociere?&#8221;]Si, vendiamo sia i viaggi organizzati da noi, che quelli organizzati dai maggiori tour operator italiani. Inoltre vendiamo le crociere delle maggiori compagnie, quali Costa, MSC, Royal Carribean, Norvegian Cruise Line, Hurtigruten, Cunard, P&amp;O, Holland America Line, Carnival, Ponant.[\/vc_toggle][vc_toggle title=&#8221;E\u2019 vero che prenotare un hotel su internet costa meno che prenotarlo in agenzia?&#8221;]Non sempre. Anzi, quasi sempre \u00e8 il contrario. Le agenzie accedono a tariffe speciali non disponibili per i clienti on-line. Vi invitiamo a provare i nostri servizi di prenotazione alberghiera, potrete verificare personalmente.[\/vc_toggle][vc_toggle title=&#8221;Cosa \u00e8 un viaggio tutto compreso?&#8221;]E\u2019 un viaggio che prevede sia un pernottamento che un servizio di trasporto. E\u2019 la tipologia di viaggio che tutela maggiormente il viaggiatore, poich\u00e9 la gestione dell\u2019intero viaggio \u00e8 demandata all\u2019agenzia. I nostri viaggi garantiscono il massimo relax. Noi pensiamo ad ogni dettaglio affinch\u00e9 la vostra esperienza sia unica ed indimenticabile.[\/vc_toggle][vc_toggle title=&#8221;Cosa sono \u201cI Viaggi Straordinari\u201d?&#8221;]Ispirati in gran parte ai racconti di Jules Verne, sono delle esperienze esclusive selezionate da Verne Viaggi. I servizi di questo tipo di esperienza regalano emozioni uniche. I Viaggi Straordinari sono le migliori esperienze di viaggio che potrete fare.[\/vc_toggle][vc_toggle title=&#8221;Cosa sono i \u201cVoyage Priv\u00e9\u201d?&#8221;]Sono i viaggi che Vi permetteranno di essere liberi dai gruppi turistici, cos\u00ec da potere godere appieno dell\u2019esperienza di viaggio. Che partiate in coppia, o viaggiate con un gruppo di amici, o con la vostra famiglia, i Voyage Priv\u00e9 prevedono autista e guide private per tutto l\u2019itinerario, ad un prezzo assolutamente vantaggioso.[\/vc_toggle][vc_toggle title=&#8221;Cosa significa che Verne Viaggi \u00e8 un organizzatore di viaggi?&#8221;]Significa che la nostra agenzia non ha intermediari, e gestisce i servizi direttamente coi corrispondenti locali in tutto il mondo. In alcuni casi, tuttavia, ci affidiamo ad intermediari specializzati in alcune destinazioni.[\/vc_toggle][vc_toggle title=&#8221;Cosa sono i Tour Speciali?&#8221;]Si tratta di partenze selezionate durante tutto l\u2019arco dell\u2019anno. A differenza dei gruppi tradizionali, questi tour partono gi\u00e0 con soli due passeggeri, per cui la vostra vacanza \u00e8 garantita! Potreste averse la fortuna di partire da soli, o conoscere degli interessanti compagni di viaggio. Questi viaggi sono venduti senza i trapoti, in modo da non vincolare la vostra esperienza di viaggio. La nostra agenzia potr\u00e0 aiutarvi nella scelta dei servizi di trasporto, nel prolungamento dell\u2019itinerario o nella combinazione di pi\u00f9 itinerari.[\/vc_toggle][vc_toggle title=&#8221;Cosa include un vostro viaggio?&#8221;]Generalmente i nostri viaggi includono tutte le esperienze pi\u00f9 interessanti da vivere nel Paese che state visitando. Oltre ai pernottamenti, in hotel di assoluta qualit\u00e0, talvolta \u00e8 possibile che sia previsto un pernottamento in movimento, in treno o nave o aereo.[\/vc_toggle][vc_toggle title=&#8221;Che differenza c\u2019\u00e8 tra un vostro viaggio ed i viaggi di gruppo degli altri operatori on-line?&#8221;]Nei nostri viaggi non ci sono sorprese, ed il comfort e l\u2019esperienza sono al primo posto. Il nostro motto \u00e8 \u201cMinima spesa, massima resa!\u201d. Non prevediamo pernottamenti in hotel economici, ostelli, o camere affollate; e nemmeno prevediamo trasporti con orari improponibili o trasferimenti estenuanti. Preferiamo il contatto con la natura, il relax, e se possibile, il massimo confort ed il lusso; e vi garantiamo che tutto questo \u201cbenessere\u201d, non ha costi pi\u00f9 alti rispetto ad altre tipologie di viaggio.[\/vc_toggle][vc_toggle title=&#8221;Perch\u00e9 non prevedete gruppi numerosi per i vostri viaggi?&#8221;]I gruppi numerosi sono difficili da gestire, e l\u2019esperienza di viaggio diventa una non-esperienza. Un bus da cinquanta passeggeri che si ferma in un\u2019area di servizio, sosta per almeno un\u2019ora. Alcuni aspettano impazienti sul bus, non vedendo l\u2019ora di ripartire, ed altri invece si prendono pi\u00f9 tempo del concesso. Se moltiplicate questo disagio per ogni partenza dall\u2019hotel, ogni sosta, ogni ingresso in un museo, ecco che la vacanza \u00e8 gi\u00e0 rovinata. In pochi, la musica \u00e8 un\u2019altra.[\/vc_toggle][\/vc_column][\/vc_row]<\/p>\n","protected":false},"excerpt":{"rendered":"<p>[vc_row][vc_column][vc_toggle title=&#8221;E\u2019 vero che i viaggi di nozze costano pi\u00f9 degli atri tipi di viaggio?&#8221;]No. Anzi, alle coppie di sposi, viene applicato uno sconto nozze, gi\u00e0 visibile sul listino. Invero, nel viaggio di nozze, i servizi scelti per il programma sono pi\u00f9 adatti ad una esperienza di coppia in luna di miele. Ad esempio, nella [&hellip;]<\/p>\n","protected":false},"author":1,"featured_media":0,"parent":0,"menu_order":0,"comment_status":"closed","ping_status":"closed","template":"","meta":{"om_disable_all_campaigns":false,"footnotes":"","_expiration-date-status":"","_expiration-date":0,"_expiration-date-type":"","_expiration-date-categories":[],"_expiration-date-options":[],"_links_to":"","_links_to_target":""},"class_list":["post-433","page","type-page","status-publish","hentry"],"_links":{"self":[{"href":"https:\/\/bookyoutravel.it\/verneviaggi\/wp-json\/wp\/v2\/pages\/433","targetHints":{"allow":["GET"]}}],"collection":[{"href":"https:\/\/bookyoutravel.it\/verneviaggi\/wp-json\/wp\/v2\/pages"}],"about":[{"href":"https:\/\/bookyoutravel.it\/verneviaggi\/wp-json\/wp\/v2\/types\/page"}],"author":[{"embeddable":true,"href":"https:\/\/bookyoutravel.it\/verneviaggi\/wp-json\/wp\/v2\/users\/1"}],"replies":[{"embeddable":true,"href":"https:\/\/bookyoutravel.it\/verneviaggi\/wp-json\/wp\/v2\/comments?post=433"}],"version-history":[{"count":3,"href":"https:\/\/bookyoutravel.it\/verneviaggi\/wp-json\/wp\/v2\/pages\/433\/revisions"}],"predecessor-version":[{"id":963,"href":"https:\/\/bookyoutravel.it\/verneviaggi\/wp-json\/wp\/v2\/pages\/433\/revisions\/963"}],"wp:attachment":[{"href":"https:\/\/bookyoutravel.it\/verneviaggi\/wp-json\/wp\/v2\/media?parent=433"}],"curies":[{"name":"wp","href":"https:\/\/api.w.org\/{rel}","templated":true}]}}